{"id":1137,"date":"2020-09-14T18:07:22","date_gmt":"2020-09-14T16:07:22","guid":{"rendered":"https:\/\/fcsjori.umh.es\/?page_id=1137"},"modified":"2020-10-02T13:49:55","modified_gmt":"2020-10-02T11:49:55","slug":"catedra-de-cooperacion-y-desarrollo-sostenible-prosperidad","status":"publish","type":"page","link":"https:\/\/fcsjori.umh.es\/ca\/sociedad\/catedra-de-cooperacion-y-desarrollo-sostenible-prosperidad\/","title":{"rendered":"<span lang=\"es\">(Espa\u00f1ol) C\u00e1tedra de Cooperaci\u00f3n y Desarrollo Sostenible Prosperidad<\/span>"},"content":{"rendered":"<p class=\"qtranxs-available-languages-message qtranxs-available-languages-message-ca\">Ho sentim, aquesta entrada es troba disponible \u00fanicament en <a href=\"https:\/\/fcsjori.umh.es\/es\/wp-json\/wp\/v2\/pages\/1137\" class=\"qtranxs-available-language-link qtranxs-available-language-link-es\" title=\"Espa\u00f1ol\">Espanyol Europeu<\/a>.<\/p>","protected":false},"excerpt":{"rendered":"<p>Ho sentim, aquesta entrada es troba disponible \u00fanicament en Espanyol Europeu.<\/p>\n","protected":false},"author":977,"featured_media":0,"parent":1116,"menu_order":0,"comment_status":"closed","ping_status":"closed","template":"","meta":{"_links_to":"","_links_to_target":""},"_links":{"self":[{"href":"https:\/\/fcsjori.umh.es\/ca\/wp-json\/wp\/v2\/pages\/1137"}],"collection":[{"href":"https:\/\/fcsjori.umh.es\/ca\/wp-json\/wp\/v2\/pages"}],"about":[{"href":"https:\/\/fcsjori.umh.es\/ca\/wp-json\/wp\/v2\/types\/page"}],"author":[{"embeddable":true,"href":"https:\/\/fcsjori.umh.es\/ca\/wp-json\/wp\/v2\/users\/977"}],"replies":[{"embeddable":true,"href":"https:\/\/fcsjori.umh.es\/ca\/wp-json\/wp\/v2\/comments?post=1137"}],"version-history":[{"count":0,"href":"https:\/\/fcsjori.umh.es\/ca\/wp-json\/wp\/v2\/pages\/1137\/revisions"}],"up":[{"embeddable":true,"href":"https:\/\/fcsjori.umh.es\/ca\/wp-json\/wp\/v2\/pages\/1116"}],"wp:attachment":[{"href":"https:\/\/fcsjori.umh.es\/ca\/wp-json\/wp\/v2\/media?parent=1137"}],"curies":[{"name":"wp","href":"https:\/\/api.w.org\/{rel}","templated":true}]}}