{"id":3,"date":"2011-07-27T07:10:34","date_gmt":"2011-07-27T05:10:34","guid":{"rendered":"http:\/\/fcsjori.zeus.umh.es\/presentacion\/"},"modified":"2020-09-07T19:29:09","modified_gmt":"2020-09-07T17:29:09","slug":"presentacion","status":"publish","type":"page","link":"https:\/\/fcsjori.umh.es\/ca\/home\/presentacion\/","title":{"rendered":"Presentaci\u00f3"},"content":{"rendered":"<p><a href=\"http:\/\/www.umh.es\/centros\/images\/portadacen-T.jpg\"><img loading=\"lazy\" class=\"alignleft\" title=\"Invierno\" src=\"http:\/\/www.umh.es\/centros\/images\/portadacen-T.jpg\" alt=\"\" width=\"300\" height=\"225\" \/><\/a>La Facultat de Ci\u00e8ncies Socials i Juridiques d\u2019Oriola ofereix en l\u2019edifici Casa del Paso dos programes de grau interrelacionats: Administraci\u00f3 i Direcci\u00f3 d\u2019Empreses i Ci\u00e8ncies Politiques i Gesti\u00f3 P\u00fablica. La nostra Universitat compta amb una llarga experi\u00e8ncia en estos estudis ja que ve impartint ambdues titulacions de del curs acad\u00e8mic 1999-2000. Establida al bell mig de la vila, combina uns voltants rics en cultura i tradicions amb modernes instal\u2022lacions i un bon sistema de comunicacions que facilita l\u2019accesibilitat des d\u2019Alacant o M\u00farcia. El professorat prov\u00e9 de 5 departaments: Estudis Econ\u00f2mics i Financers, Psicologia de la Salut, Ci\u00e8ncia Jur\u00eddica, Estad\u00edstica, Matem\u00e0tiques i Inform\u00e0tica i Ci\u00e8ncies Socials i Humanes. El personal docent est\u00e0 composat de 48 professor a temps complet i 41 a temps parcial, combinant dos perfils complementaris, aquells professors que exerceixen una tasca professional relacionada amb les mat\u00e8ries que imparteixen i aquells professors que es dediquen a la investigaci\u00f3. Esta composici\u00f3 del professorat permet que l\u2019alumne prenga compet\u00e8ncies tanmateix pr\u00e0ctiques com anal\u00edtiques, les quals facilitaran la seua inserci\u00f3 laboral. A m\u00e9s de la qualificaci\u00f3 professional dels professors la qualitat de l\u2019ensenyament rebut est\u00e0 basat en el nombre d\u2019alumnes per aula, que al ser limitat a 60 places fa que la relaci\u00f3 alumne-professor siga molt propera i fluida. Els alumnes tamb\u00e9 tenen la oportunitat d\u2019orientar la seua carrera professional cap a la investigaci\u00f3 a trav\u00e9s de diversos programes de doctorat i masters que s\u2019organitzen des del 5 departaments implicats. <\/p>","protected":false},"excerpt":{"rendered":"<p>La Facultat de Ci\u00e8ncies Socials i Juridiques d\u2019Oriola ofereix en l\u2019edifici Casa del Paso dos programes de grau interrelacionats: Administraci\u00f3 i Direcci\u00f3 d\u2019Empreses i Ci\u00e8ncies Politiques i Gesti\u00f3 P\u00fablica. La nostra Universitat compta amb una llarga experi\u00e8ncia en estos estudis ja que ve impartint ambdues titulacions de del curs acad\u00e8mic 1999-2000. Establida al bell mig [&#8230;]<\/p>\n","protected":false},"author":167,"featured_media":0,"parent":1083,"menu_order":0,"comment_status":"closed","ping_status":"closed","template":"","meta":{"_links_to":"","_links_to_target":""},"_links":{"self":[{"href":"https:\/\/fcsjori.umh.es\/ca\/wp-json\/wp\/v2\/pages\/3"}],"collection":[{"href":"https:\/\/fcsjori.umh.es\/ca\/wp-json\/wp\/v2\/pages"}],"about":[{"href":"https:\/\/fcsjori.umh.es\/ca\/wp-json\/wp\/v2\/types\/page"}],"author":[{"embeddable":true,"href":"https:\/\/fcsjori.umh.es\/ca\/wp-json\/wp\/v2\/users\/167"}],"replies":[{"embeddable":true,"href":"https:\/\/fcsjori.umh.es\/ca\/wp-json\/wp\/v2\/comments?post=3"}],"version-history":[{"count":0,"href":"https:\/\/fcsjori.umh.es\/ca\/wp-json\/wp\/v2\/pages\/3\/revisions"}],"up":[{"embeddable":true,"href":"https:\/\/fcsjori.umh.es\/ca\/wp-json\/wp\/v2\/pages\/1083"}],"wp:attachment":[{"href":"https:\/\/fcsjori.umh.es\/ca\/wp-json\/wp\/v2\/media?parent=3"}],"curies":[{"name":"wp","href":"https:\/\/api.w.org\/{rel}","templated":true}]}}