{"id":56,"date":"2012-05-02T19:33:03","date_gmt":"2012-05-02T17:33:03","guid":{"rendered":"http:\/\/fcsjori.zeus.umh.es\/estudios\/grados\/administracion-y-direccion-de-empresas\/"},"modified":"2025-06-17T09:20:58","modified_gmt":"2025-06-17T07:20:58","slug":"administracion-y-direccion-de-empresas","status":"publish","type":"page","link":"https:\/\/fcsjori.umh.es\/en\/estudios\/administracion-y-direccion-de-empresas\/","title":{"rendered":"<span lang=\"es\">(Espa\u00f1ol) Grado en Administraci\u00f3n y Direcci\u00f3n de Empresas (ADE)<\/span>"},"content":{"rendered":"<p><\/p>\n<\/p>\n<p><\/p>","protected":false},"excerpt":{"rendered":"","protected":false},"author":167,"featured_media":0,"parent":53,"menu_order":2,"comment_status":"closed","ping_status":"closed","template":"","meta":{"_links_to":"","_links_to_target":""},"_links":{"self":[{"href":"https:\/\/fcsjori.umh.es\/en\/wp-json\/wp\/v2\/pages\/56"}],"collection":[{"href":"https:\/\/fcsjori.umh.es\/en\/wp-json\/wp\/v2\/pages"}],"about":[{"href":"https:\/\/fcsjori.umh.es\/en\/wp-json\/wp\/v2\/types\/page"}],"author":[{"embeddable":true,"href":"https:\/\/fcsjori.umh.es\/en\/wp-json\/wp\/v2\/users\/167"}],"replies":[{"embeddable":true,"href":"https:\/\/fcsjori.umh.es\/en\/wp-json\/wp\/v2\/comments?post=56"}],"version-history":[{"count":0,"href":"https:\/\/fcsjori.umh.es\/en\/wp-json\/wp\/v2\/pages\/56\/revisions"}],"up":[{"embeddable":true,"href":"https:\/\/fcsjori.umh.es\/en\/wp-json\/wp\/v2\/pages\/53"}],"wp:attachment":[{"href":"https:\/\/fcsjori.umh.es\/en\/wp-json\/wp\/v2\/media?parent=56"}],"curies":[{"name":"wp","href":"https:\/\/api.w.org\/{rel}","templated":true}]}}