{"id":57,"date":"2012-05-02T19:33:40","date_gmt":"2012-05-02T17:33:40","guid":{"rendered":"http:\/\/fcsjori.zeus.umh.es\/estudios\/grados\/grado-en-ciencias-politicas-y-gestion-publica\/"},"modified":"2025-06-16T11:16:17","modified_gmt":"2025-06-16T09:16:17","slug":"grado-en-ciencias-politicas-y-gestion-publica","status":"publish","type":"page","link":"https:\/\/fcsjori.umh.es\/en\/estudios\/grado-en-ciencias-politicas-y-gestion-publica\/","title":{"rendered":"<span lang=\"es\">(Espa\u00f1ol) Grado en Ciencias Pol\u00edticas y Gesti\u00f3n P\u00fablica<\/span>"},"content":{"rendered":"<p><\/p>\n<\/p>\n<p><\/p>","protected":false},"excerpt":{"rendered":"","protected":false},"author":167,"featured_media":0,"parent":53,"menu_order":3,"comment_status":"closed","ping_status":"closed","template":"","meta":{"_links_to":"","_links_to_target":""},"_links":{"self":[{"href":"https:\/\/fcsjori.umh.es\/en\/wp-json\/wp\/v2\/pages\/57"}],"collection":[{"href":"https:\/\/fcsjori.umh.es\/en\/wp-json\/wp\/v2\/pages"}],"about":[{"href":"https:\/\/fcsjori.umh.es\/en\/wp-json\/wp\/v2\/types\/page"}],"author":[{"embeddable":true,"href":"https:\/\/fcsjori.umh.es\/en\/wp-json\/wp\/v2\/users\/167"}],"replies":[{"embeddable":true,"href":"https:\/\/fcsjori.umh.es\/en\/wp-json\/wp\/v2\/comments?post=57"}],"version-history":[{"count":0,"href":"https:\/\/fcsjori.umh.es\/en\/wp-json\/wp\/v2\/pages\/57\/revisions"}],"up":[{"embeddable":true,"href":"https:\/\/fcsjori.umh.es\/en\/wp-json\/wp\/v2\/pages\/53"}],"wp:attachment":[{"href":"https:\/\/fcsjori.umh.es\/en\/wp-json\/wp\/v2\/media?parent=57"}],"curies":[{"name":"wp","href":"https:\/\/api.w.org\/{rel}","templated":true}]}}